{"id":70,"date":"2014-04-09T10:44:02","date_gmt":"2014-04-09T08:44:02","guid":{"rendered":"http:\/\/marathon.itgrupa.pl\/?page_id=70"},"modified":"2026-01-19T12:26:53","modified_gmt":"2026-01-19T11:26:53","slug":"contact","status":"publish","type":"page","link":"https:\/\/marathon.poznan.pl\/en\/contact\/","title":{"rendered":"Contact"},"content":{"rendered":"<h3>Organiser \u2013 Marathon Office<\/h3>\n<p>Pozna\u0144skie O\u015brodki Sportu i Rekreacji<br \/>\nul. Jana Spychalskiego 34<br \/>\n61-553 Pozna\u0144<\/p>\n<p>tel. +48 (61) 835 79 17<br \/>\ne-mail: <a href=\"mailto:info@marathon.poznan.pl\">info@marathon.poznan.pl<\/a><\/p>\n<h3>Contact for sponsors<\/h3>\n<p><a href=\"mailto:sponsoring@marathon.poznan.pl\">sponsoring@marathon.poznan.pl<\/a><\/p>\n<h3>Contact for media representatives<\/h3>\n<p><a href=\"mailto:media@marathon.poznan.pl\">media@marathon.poznan.pl<\/a><\/p>\n","protected":false},"excerpt":{"rendered":"<p>Organiser \u2013 Marathon Office Pozna\u0144skie O\u015brodki Sportu i Rekreacji ul. Jana Spychalskiego 34 61-553 Pozna\u0144 tel. +48 (61) 835 79 17 e-mail: info@marathon.poznan.pl Contact for sponsors sponsoring@marathon.poznan.pl Contact for media representatives media@marathon.poznan.pl<\/p>\n","protected":false},"author":1,"featured_media":0,"parent":0,"menu_order":50,"comment_status":"closed","ping_status":"closed","template":"page-templates\/contact.php","meta":[],"_links":{"self":[{"href":"https:\/\/marathon.poznan.pl\/en\/wp-json\/wp\/v2\/pages\/70"}],"collection":[{"href":"https:\/\/marathon.poznan.pl\/en\/wp-json\/wp\/v2\/pages"}],"about":[{"href":"https:\/\/marathon.poznan.pl\/en\/wp-json\/wp\/v2\/types\/page"}],"author":[{"embeddable":true,"href":"https:\/\/marathon.poznan.pl\/en\/wp-json\/wp\/v2\/users\/1"}],"replies":[{"embeddable":true,"href":"https:\/\/marathon.poznan.pl\/en\/wp-json\/wp\/v2\/comments?post=70"}],"version-history":[{"count":21,"href":"https:\/\/marathon.poznan.pl\/en\/wp-json\/wp\/v2\/pages\/70\/revisions"}],"predecessor-version":[{"id":3793,"href":"https:\/\/marathon.poznan.pl\/en\/wp-json\/wp\/v2\/pages\/70\/revisions\/3793"}],"wp:attachment":[{"href":"https:\/\/marathon.poznan.pl\/en\/wp-json\/wp\/v2\/media?parent=70"}],"curies":[{"name":"wp","href":"https:\/\/api.w.org\/{rel}","templated":true}]}}