{"id":64,"date":"2014-04-09T10:42:54","date_gmt":"2014-04-09T08:42:54","guid":{"rendered":"http:\/\/marathon.itgrupa.pl\/?page_id=64"},"modified":"2026-01-19T12:40:05","modified_gmt":"2026-01-19T11:40:05","slug":"press-center","status":"publish","type":"page","link":"https:\/\/marathon.poznan.pl\/en\/press-center\/","title":{"rendered":"Press Center"},"content":{"rendered":"<h3>Headquarters<\/h3>\n<p>Pozna\u0144 Sports and Recreation Centers, room No. 203<br \/>\nSpychalskiego St. 34<br \/>\n61-553 Pozna\u0144<br \/>\nphone: <a href=\"tel:+48618357923\">(+48) 61 835 79 23<\/a><\/p>\n<h3>Contact for media<\/h3>\n<p>Filip Borowiak<br \/>\ne-mail: <a href=\"mailto:f.borowiak@posir.poznan.pl\">f.borowiak@posir.poznan.pl<\/a> \/ <a href=\"mailto:media@marathon.poznan.pl\">media@marathon.poznan.pl<\/a><\/p>\n<p>On October 2-4, 2026, the competition office will be located at the Pozna\u0144 International Fair (hall No. 3), ul. G\u0142ogowska 14 in Pozna\u0144.<\/p>\n","protected":false},"excerpt":{"rendered":"<p>Headquarters Pozna\u0144 Sports and Recreation Centers, room No. 203 Spychalskiego St. 34 61-553 Pozna\u0144 phone: (+48) 61 835 79 23 Contact for media Filip Borowiak e-mail: f.borowiak@posir.poznan.pl \/ media@marathon.poznan.pl On October 2-4, 2026, the competition office will be located at the Pozna\u0144 International Fair (hall No. 3), ul. G\u0142ogowska 14 in Pozna\u0144.<\/p>\n","protected":false},"author":1,"featured_media":0,"parent":0,"menu_order":48,"comment_status":"closed","ping_status":"closed","template":"page-templates\/prasowe.php","meta":[],"_links":{"self":[{"href":"https:\/\/marathon.poznan.pl\/en\/wp-json\/wp\/v2\/pages\/64"}],"collection":[{"href":"https:\/\/marathon.poznan.pl\/en\/wp-json\/wp\/v2\/pages"}],"about":[{"href":"https:\/\/marathon.poznan.pl\/en\/wp-json\/wp\/v2\/types\/page"}],"author":[{"embeddable":true,"href":"https:\/\/marathon.poznan.pl\/en\/wp-json\/wp\/v2\/users\/1"}],"replies":[{"embeddable":true,"href":"https:\/\/marathon.poznan.pl\/en\/wp-json\/wp\/v2\/comments?post=64"}],"version-history":[{"count":19,"href":"https:\/\/marathon.poznan.pl\/en\/wp-json\/wp\/v2\/pages\/64\/revisions"}],"predecessor-version":[{"id":3794,"href":"https:\/\/marathon.poznan.pl\/en\/wp-json\/wp\/v2\/pages\/64\/revisions\/3794"}],"wp:attachment":[{"href":"https:\/\/marathon.poznan.pl\/en\/wp-json\/wp\/v2\/media?parent=64"}],"curies":[{"name":"wp","href":"https:\/\/api.w.org\/{rel}","templated":true}]}}