{"id":60,"date":"2014-04-09T10:42:35","date_gmt":"2014-04-09T08:42:35","guid":{"rendered":"http:\/\/marathon.itgrupa.pl\/?page_id=60"},"modified":"2024-01-25T09:08:26","modified_gmt":"2024-01-25T08:08:26","slug":"poznan-run-expo","status":"publish","type":"page","link":"https:\/\/marathon.poznan.pl\/en\/side-events\/poznan-run-expo\/","title":{"rendered":"Pozna\u0144 Run Expo"},"content":{"rendered":"<p>Even better running shoes? Here you go! T-shirts, leggings, socks, bidons, backpacks and other sports accessories? No problem! Nutrition, snacks, supplements? All this, and much more, can be found at the exhibitors&#8217; stands in the commercial section of this year&#8217;s Pozna\u0144 Run Expo. The event, taking place on the grounds of the Pozna\u0144 International Fair, will begin on Friday and last for three days.<\/p>\n<p>The Pozna\u0144 run will start on Sunday. However, two days earlier, the Pozna\u0144 Run Expo will start on the premises of the Pozna\u0144 International Fair. The event has been closely linked to Pozna\u0144 running events for years and this time it will become an integral part of the Pozna\u0144 Marathon.<\/p>\n<p>More information will be available soon.<\/p>\n\n\t\t<style type=\"text\/css\">\n\t\t\t#gallery-1 {\n\t\t\t\tmargin: auto;\n\t\t\t}\n\t\t\t#gallery-1 .gallery-item {\n\t\t\t\tfloat: left;\n\t\t\t\tmargin-top: 10px;\n\t\t\t\ttext-align: center;\n\t\t\t\twidth: 25%;\n\t\t\t}\n\t\t\t#gallery-1 img {\n\t\t\t\tborder: 2px solid #cfcfcf;\n\t\t\t}\n\t\t\t#gallery-1 .gallery-caption {\n\t\t\t\tmargin-left: 0;\n\t\t\t}\n\t\t\t\/* see gallery_shortcode() in wp-includes\/media.php *\/\n\t\t<\/style>\n\t\t<div id='gallery-1' class='gallery galleryid-60 gallery-columns-4 gallery-size-thumbnail'><dl class='gallery-item'>\n\t\t\t<dt class='gallery-icon landscape'>\n\t\t\t\t<a href='https:\/\/marathon.poznan.pl\/en\/wp-content\/uploads\/2023\/07\/fotobueno_poznan_run_expo_15-10-2022_-1432.jpg'><img width=\"150\" height=\"100\" src=\"https:\/\/marathon.poznan.pl\/en\/wp-content\/uploads\/2023\/07\/fotobueno_poznan_run_expo_15-10-2022_-1432-150x100.jpg\" class=\"attachment-thumbnail size-thumbnail\" alt=\"Pozna\u0144 Run Expo\" decoding=\"async\" loading=\"lazy\" srcset=\"https:\/\/marathon.poznan.pl\/en\/wp-content\/uploads\/2023\/07\/fotobueno_poznan_run_expo_15-10-2022_-1432-150x100.jpg 150w, https:\/\/marathon.poznan.pl\/en\/wp-content\/uploads\/2023\/07\/fotobueno_poznan_run_expo_15-10-2022_-1432-768x512.jpg 768w, https:\/\/marathon.poznan.pl\/en\/wp-content\/uploads\/2023\/07\/fotobueno_poznan_run_expo_15-10-2022_-1432-1536x1024.jpg 1536w, https:\/\/marathon.poznan.pl\/en\/wp-content\/uploads\/2023\/07\/fotobueno_poznan_run_expo_15-10-2022_-1432-1230x820.jpg 1230w, https:\/\/marathon.poznan.pl\/en\/wp-content\/uploads\/2023\/07\/fotobueno_poznan_run_expo_15-10-2022_-1432.jpg 1600w\" sizes=\"(max-width: 150px) 100vw, 150px\" \/><\/a>\n\t\t\t<\/dt><\/dl><dl class='gallery-item'>\n\t\t\t<dt class='gallery-icon landscape'>\n\t\t\t\t<a href='https:\/\/marathon.poznan.pl\/en\/wp-content\/uploads\/2023\/07\/fotobueno_poznan_run_expo_15-10-2022_-1529.jpg'><img width=\"150\" height=\"100\" src=\"https:\/\/marathon.poznan.pl\/en\/wp-content\/uploads\/2023\/07\/fotobueno_poznan_run_expo_15-10-2022_-1529-150x100.jpg\" class=\"attachment-thumbnail size-thumbnail\" alt=\"Pozna\u0144 Run Expo\" decoding=\"async\" loading=\"lazy\" srcset=\"https:\/\/marathon.poznan.pl\/en\/wp-content\/uploads\/2023\/07\/fotobueno_poznan_run_expo_15-10-2022_-1529-150x100.jpg 150w, https:\/\/marathon.poznan.pl\/en\/wp-content\/uploads\/2023\/07\/fotobueno_poznan_run_expo_15-10-2022_-1529-768x512.jpg 768w, https:\/\/marathon.poznan.pl\/en\/wp-content\/uploads\/2023\/07\/fotobueno_poznan_run_expo_15-10-2022_-1529-1536x1024.jpg 1536w, https:\/\/marathon.poznan.pl\/en\/wp-content\/uploads\/2023\/07\/fotobueno_poznan_run_expo_15-10-2022_-1529-1230x820.jpg 1230w, https:\/\/marathon.poznan.pl\/en\/wp-content\/uploads\/2023\/07\/fotobueno_poznan_run_expo_15-10-2022_-1529.jpg 1600w\" sizes=\"(max-width: 150px) 100vw, 150px\" \/><\/a>\n\t\t\t<\/dt><\/dl><dl class='gallery-item'>\n\t\t\t<dt class='gallery-icon landscape'>\n\t\t\t\t<a href='https:\/\/marathon.poznan.pl\/en\/wp-content\/uploads\/2023\/07\/fotobueno_poznan_run_expo_15-10-2022_-1159.jpg'><img width=\"150\" height=\"100\" src=\"https:\/\/marathon.poznan.pl\/en\/wp-content\/uploads\/2023\/07\/fotobueno_poznan_run_expo_15-10-2022_-1159-150x100.jpg\" class=\"attachment-thumbnail size-thumbnail\" alt=\"Pozna\u0144 Run Expo\" decoding=\"async\" loading=\"lazy\" srcset=\"https:\/\/marathon.poznan.pl\/en\/wp-content\/uploads\/2023\/07\/fotobueno_poznan_run_expo_15-10-2022_-1159-150x100.jpg 150w, https:\/\/marathon.poznan.pl\/en\/wp-content\/uploads\/2023\/07\/fotobueno_poznan_run_expo_15-10-2022_-1159-768x512.jpg 768w, https:\/\/marathon.poznan.pl\/en\/wp-content\/uploads\/2023\/07\/fotobueno_poznan_run_expo_15-10-2022_-1159-1536x1024.jpg 1536w, https:\/\/marathon.poznan.pl\/en\/wp-content\/uploads\/2023\/07\/fotobueno_poznan_run_expo_15-10-2022_-1159-1230x820.jpg 1230w, https:\/\/marathon.poznan.pl\/en\/wp-content\/uploads\/2023\/07\/fotobueno_poznan_run_expo_15-10-2022_-1159.jpg 1600w\" sizes=\"(max-width: 150px) 100vw, 150px\" \/><\/a>\n\t\t\t<\/dt><\/dl><dl class='gallery-item'>\n\t\t\t<dt class='gallery-icon landscape'>\n\t\t\t\t<a href='https:\/\/marathon.poznan.pl\/en\/wp-content\/uploads\/2023\/07\/fotobueno_poznan_run_expo_15-10-2022_-1237.jpg'><img width=\"150\" height=\"100\" src=\"https:\/\/marathon.poznan.pl\/en\/wp-content\/uploads\/2023\/07\/fotobueno_poznan_run_expo_15-10-2022_-1237-150x100.jpg\" class=\"attachment-thumbnail size-thumbnail\" alt=\"Pozna\u0144 Run Expo\" decoding=\"async\" loading=\"lazy\" srcset=\"https:\/\/marathon.poznan.pl\/en\/wp-content\/uploads\/2023\/07\/fotobueno_poznan_run_expo_15-10-2022_-1237-150x100.jpg 150w, https:\/\/marathon.poznan.pl\/en\/wp-content\/uploads\/2023\/07\/fotobueno_poznan_run_expo_15-10-2022_-1237-768x512.jpg 768w, https:\/\/marathon.poznan.pl\/en\/wp-content\/uploads\/2023\/07\/fotobueno_poznan_run_expo_15-10-2022_-1237-1536x1024.jpg 1536w, https:\/\/marathon.poznan.pl\/en\/wp-content\/uploads\/2023\/07\/fotobueno_poznan_run_expo_15-10-2022_-1237-1230x820.jpg 1230w, https:\/\/marathon.poznan.pl\/en\/wp-content\/uploads\/2023\/07\/fotobueno_poznan_run_expo_15-10-2022_-1237.jpg 1600w\" sizes=\"(max-width: 150px) 100vw, 150px\" \/><\/a>\n\t\t\t<\/dt><\/dl><br style=\"clear: both\" \/>\n\t\t<\/div>\n\n","protected":false},"excerpt":{"rendered":"<p>Even better running shoes? Here you go! T-shirts, leggings, socks, bidons, backpacks and other sports accessories? No problem! Nutrition, snacks, supplements? All this, and much more, can be found at the exhibitors&#8217; stands in the commercial section of this year&#8217;s Pozna\u0144 Run Expo. The event, taking place on the grounds of the Pozna\u0144 International Fair, [&hellip;]<\/p>\n","protected":false},"author":1,"featured_media":0,"parent":2952,"menu_order":24,"comment_status":"closed","ping_status":"closed","template":"page-templates\/belka-patron.php","meta":[],"_links":{"self":[{"href":"https:\/\/marathon.poznan.pl\/en\/wp-json\/wp\/v2\/pages\/60"}],"collection":[{"href":"https:\/\/marathon.poznan.pl\/en\/wp-json\/wp\/v2\/pages"}],"about":[{"href":"https:\/\/marathon.poznan.pl\/en\/wp-json\/wp\/v2\/types\/page"}],"author":[{"embeddable":true,"href":"https:\/\/marathon.poznan.pl\/en\/wp-json\/wp\/v2\/users\/1"}],"replies":[{"embeddable":true,"href":"https:\/\/marathon.poznan.pl\/en\/wp-json\/wp\/v2\/comments?post=60"}],"version-history":[{"count":28,"href":"https:\/\/marathon.poznan.pl\/en\/wp-json\/wp\/v2\/pages\/60\/revisions"}],"predecessor-version":[{"id":3402,"href":"https:\/\/marathon.poznan.pl\/en\/wp-json\/wp\/v2\/pages\/60\/revisions\/3402"}],"up":[{"embeddable":true,"href":"https:\/\/marathon.poznan.pl\/en\/wp-json\/wp\/v2\/pages\/2952"}],"wp:attachment":[{"href":"https:\/\/marathon.poznan.pl\/en\/wp-json\/wp\/v2\/media?parent=60"}],"curies":[{"name":"wp","href":"https:\/\/api.w.org\/{rel}","templated":true}]}}