{"id":460,"date":"2014-04-23T10:00:45","date_gmt":"2014-04-23T08:00:45","guid":{"rendered":"http:\/\/marathon.poznan.pl\/en\/?page_id=460"},"modified":"2019-08-28T13:57:45","modified_gmt":"2019-08-28T11:57:45","slug":"how-to-get-there","status":"publish","type":"page","link":"https:\/\/marathon.poznan.pl\/en\/contact\/how-to-get-there\/","title":{"rendered":"Getting to Poznan"},"content":{"rendered":"<h3>Air travel<\/h3>\n<p>Pozna\u0144 \u0141awica Airport is located at the suburbs of the City of Pozna\u0144 but there is a straight and easy bus connection between the airport and the Pozna\u0144 International Fair (where the marathon office and the marathon start are located).<br \/>\nPozna\u0144 \u0141awica Airport has a wide offer of standard\/low cost flight connections with European cities.<br \/>\n<a href=\"http:\/\/www.airport-poznan.com.pl\/en\" rel=\"noopener\">Search for the flight<\/a><\/p>\n<p>Addess of the airport:<br \/>\nPort Lotniczy Pozna\u0144-\u0141awica sp. z o.o.\/Pozna\u0144 Airport<br \/>\n285 Bukowska Street<br \/>\n61-189 Pozna\u0144, Poland<\/p>\n<h3>Train<\/h3>\n<p>All trains coming to Pozna\u0144 stop at Pozna\u0144 Main Railway Station (Pozna\u0144 G\u0142\u00f3wny). The Railway Station is composed of two buildings: the Main Hall (Hala G\u0142\u00f3wna) and the West Railway Station (Dworzec Zachodni) connected by a subway. The Railway Station is located in the city centre, just next to the Pozna\u0144 International Fair venue (Mi\u0119dzynarodowe Targi Pozna\u0144skie).<\/p>\n<h5>See also:<\/h5>\n<ul>\n<li><a href=\"http:\/\/rozklad-pkp.pl\/en\">Polish railways<\/a><\/li>\n<\/ul>\n<h3>Car<\/h3>\n<p>You can get to Pozna\u0144 driving A2 motorway &#8211; a charge is payable for using (from the west direction from the border; access from the east direction: from Konin, Mod\u0142a road junction), national routes no. 92, 5 (east &#8211; west direction) and no. 11 (north &#8211; south).<\/p>\n<h5>See also:<\/h5>\n<ul>\n<li><a href=\"https:\/\/www.autostrada-a2.pl\/\">A2 motorway<\/a><\/li>\n<\/ul>\n<p>More info about travel to Poznan \u2013 see <a href=\"http:\/\/www.poznan.travel\/en\/\">link<\/a>.<\/p>\n<p><a href=\"https:\/\/marathon.poznan.pl\/en\/wp-content\/uploads\/2014\/04\/Polska-autostrada-slajd-ppt.jpg\"><img decoding=\"async\" loading=\"lazy\" class=\"aligncenter wp-image-466\" src=\"https:\/\/marathon.poznan.pl\/en\/wp-content\/uploads\/2014\/04\/Polska-autostrada-slajd-ppt.jpg\" alt=\"Polska autostrada\" width=\"600\" height=\"450\" srcset=\"https:\/\/marathon.poznan.pl\/en\/wp-content\/uploads\/2014\/04\/Polska-autostrada-slajd-ppt.jpg 1000w, https:\/\/marathon.poznan.pl\/en\/wp-content\/uploads\/2014\/04\/Polska-autostrada-slajd-ppt-150x112.jpg 150w\" sizes=\"(max-width: 600px) 100vw, 600px\" \/><\/a><\/p>\n<h2>About Pozna\u0144<\/h2>\n<p><strong><a href=\"https:\/\/marathon.poznan.pl\/wp-content\/uploads\/2014\/04\/DSC_4871.jpg\"><img decoding=\"async\" loading=\"lazy\" class=\"wp-image-182 alignleft\" src=\"https:\/\/marathon.poznan.pl\/wp-content\/uploads\/2014\/04\/DSC_4871.jpg\" alt=\"Pozna\u0144, Ratusz\" width=\"302\" height=\"454\" srcset=\"https:\/\/marathon.poznan.pl\/en\/wp-content\/uploads\/2014\/04\/DSC_4871.jpg 520w, https:\/\/marathon.poznan.pl\/en\/wp-content\/uploads\/2014\/04\/DSC_4871-100x150.jpg 100w\" sizes=\"(max-width: 302px) 100vw, 302px\" \/><\/a>Pozna\u0144<\/strong> is a place where the energy of the countries of the New Europe intermingles with the culture of Western civilisations. This metropolis, housing over half-a-million residents, is located in the area of Poland which is developed best. It lays closer to Berlin than to Warsaw. You can always rely on Pozna\u0144\u2019s residents &#8211; they are well-educated, open-minded and competent.<\/p>\n<p>Pozna\u0144 backs its methods to achieve success, bolstered with an over-1000-year-old efficiency tradition. Here, even the most ambitious ventures and the boldest visions can have a chance to come to fruition. It is here where the Polish nation was born, and where the only successful Polish uprising \u2013 The Greater Poland Uprising \u2013 was ignited, which further confirms the resourcefulness of Pozna\u0144\u2019s citizens.<\/p>\n<p>Pozna\u0144 can also pride itself on its sporting infrastructure, which allows it to organise even the most important international sporting events. Pozna\u0144 was one of the UEFA EURO 2012\u2122 host cities, and it features one of the most charmingly-located regatta courses in the world. The Greater Poland capital also hosts one of the largest street race in Poland \u2013 the famous Pozna\u0144 Marathon. The football world is familiar with the most passionate football supporters in Poland \u2013 Lech Pozna\u0144\u2019s fans.<\/p>\n<p>The Pozna\u0144 brand spreads as well to the largest and the most important fairs in Poland and popular cultural events: the \u201cMaltafestival\u201d \u2013 Poland\u2019s largest alternative films festival, the \u201cMade in Chicago Festival\u201d, which is the only festival in Europe featuring the Chicago school of jazz, the \u201cAnimator Festival\u201d \u2013 Poland\u2019s largest animated films festival, the \u201cEthno Port Festival\u201d \u2013 deemed to be one of the 25 best world music festivals in the world, and, finally, there is the \u201cTransatlantyk\u201d Pozna\u0144 International Film and Music Festival.<\/p>\n<p>As we carry out our professional ventures with equal ease as we spend our time in a creative fashion, we tend to think of Pozna\u0144 as a City of Work and a City of Play.<\/p>\n<p><a style=\"line-height: 1.714285714; font-size: 1rem;\" href=\"http:\/\/www.poznan.travel\/\" rel=\"noopener\">www.poznan.travel<\/a><\/p>\n","protected":false},"excerpt":{"rendered":"<p>Air travel Pozna\u0144 \u0141awica Airport is located at the suburbs of the City of Pozna\u0144 but there is a straight and easy bus connection between the airport and the Pozna\u0144 International Fair (where the marathon office and the marathon start are located). Pozna\u0144 \u0141awica Airport has a wide offer of standard\/low cost flight connections with [&hellip;]<\/p>\n","protected":false},"author":1,"featured_media":0,"parent":70,"menu_order":51,"comment_status":"closed","ping_status":"closed","template":"page-templates\/belka-patron.php","meta":[],"_links":{"self":[{"href":"https:\/\/marathon.poznan.pl\/en\/wp-json\/wp\/v2\/pages\/460"}],"collection":[{"href":"https:\/\/marathon.poznan.pl\/en\/wp-json\/wp\/v2\/pages"}],"about":[{"href":"https:\/\/marathon.poznan.pl\/en\/wp-json\/wp\/v2\/types\/page"}],"author":[{"embeddable":true,"href":"https:\/\/marathon.poznan.pl\/en\/wp-json\/wp\/v2\/users\/1"}],"replies":[{"embeddable":true,"href":"https:\/\/marathon.poznan.pl\/en\/wp-json\/wp\/v2\/comments?post=460"}],"version-history":[{"count":14,"href":"https:\/\/marathon.poznan.pl\/en\/wp-json\/wp\/v2\/pages\/460\/revisions"}],"predecessor-version":[{"id":2416,"href":"https:\/\/marathon.poznan.pl\/en\/wp-json\/wp\/v2\/pages\/460\/revisions\/2416"}],"up":[{"embeddable":true,"href":"https:\/\/marathon.poznan.pl\/en\/wp-json\/wp\/v2\/pages\/70"}],"wp:attachment":[{"href":"https:\/\/marathon.poznan.pl\/en\/wp-json\/wp\/v2\/media?parent=460"}],"curies":[{"name":"wp","href":"https:\/\/api.w.org\/{rel}","templated":true}]}}