{"id":2956,"date":"2022-09-13T14:26:33","date_gmt":"2022-09-13T12:26:33","guid":{"rendered":"https:\/\/marathon.poznan.pl\/en\/?page_id=2956"},"modified":"2026-01-19T10:47:05","modified_gmt":"2026-01-19T09:47:05","slug":"pho3nix-kids-maraton","status":"publish","type":"page","link":"https:\/\/marathon.poznan.pl\/en\/side-events\/pho3nix-kids-maraton\/","title":{"rendered":"Pho3nix Kids Maraton"},"content":{"rendered":"<p><span data-olk-copy-source=\"MessageBody\">Running from a young age, full speed ahead! The Pho3nix Kids Marathon is a unique opportunity to introduce children and teenagers to the world of sports in an atmosphere of joy and positive energy. On the Saturday preceding the marathon celebration \u2014 October 3, 2026 \u2014 young runners will cover age\u2011appropriate distances, finishing at the same finish line as the participants of the 25th Pozna\u0144 Marathon. <\/span>We\u2019re working on the event details, but one thing is certain: your little ones can look forward to a sporting adventure, plenty of smiles, and unforgettable moments!<\/p>\n<p><!--\n<img decoding=\"async\" loading=\"lazy\" class=\"size-full wp-image-7303\" style=\"float: right; margin-left: 2em; margin-bottom: 1em;\" src=\"https:\/\/marathon.poznan.pl\/wp-content\/uploads\/2022\/09\/pkm-logo.png\" alt=\"logo Pho3nix Kids Maraton\" width=\"100\" height=\"217\" \/>If you dream of instilling a love of sports in your child and want them to experience their running adventure, sign them up for the Pho3nix Kids Marathon, which will take place on the eve of the 21st Pozna\u0144 Marathon.\u00a0 The titular sponsor of the races is the Pho3nix Foundation. Below we present the most important information.\n\n\n<h3 style=\"clear: none;\">Date and time<\/h3>\n\n\nOctober 15, 2022 (Saturday), 2 p.m. - 4 p.m. (depending on distance)\n\n\n<h3 style=\"clear: none;\">Venue<\/h3>\n\n\nPozna\u0144 International Fair, St. Marek square, ul. G\u0142ogowska 14, 60-734 Pozna\u0144\n\n\n<h3 style=\"clear: none;\">Event program<\/h3>\n\n\nStart times:\n\n\n<ul>\n \t\n\n<li>time. 14.00 - distance about 100m - girls \/ boys, 2018 and younger with their parents<\/li>\n\n\n \t\n\n<li>time. 14.15 - distance about 200m - girls \/ boys, born in 2016-2017<\/li>\n\n\n \t\n\n<li>time. 14.35 - distance 400m - girls \/ boys, born in 2014-2015<\/li>\n\n\n \t\n\n<li>time. 15.00 - distance 500m - girls \/ boys, born in 2013-2012<\/li>\n\n\n \t\n\n<li>time. 15.30 - distance 800m - girls \/ boys, born in 2011-2010<\/li>\n\n\n<\/ul>\n\n\n\n\n<h3>Registration<\/h3>\n\n\n\n\n<ul>\n \t\n\n<li>Online by clicking the green button \"Pho3nix KIDS Maraton\" on the website www.marathon.poznan.pl and further registration. The application is made by the parent or guardian from the account set up for their data, using the \"Add a child\" option and selecting the appropriate distance from the list.<\/li>\n\n\n \t\n\n<li>Directly on October 14 and 15, 2022 at the competition office (no later than 45 minutes before the start of each race), provided that the limit of participants for a given distance is not met.<\/li>\n\n\n<\/ul>\n\n\n\n\n<h3>Participant limit<\/h3>\n\n\n100 people for each run\n\n\n<h3>Fees<\/h3>\n\n\nA starting fee of 10 PLN is collected for participation in the competition. It can be made electronically via the PayU payment system until October 13, 2022. or at the race office on October 14 and 15, 2022. when collecting starter packages.\n\n\n<h3>Starting package<\/h3>\n\n\nEach participant will receive a medal, a T-shirt, a bag and a gift.\n\n[gallery link=\"none\" columns=\"2\" size=\"full\" ids=\"2993,2994\"]\n\nLet your child feel like a real marathon runner! :)\n\n\n<h3>Route<\/h3>\n\n\n[gallery link=\"file\" columns=\"5\" ids=\"2958,2959,2960,2961,2962\"]\n\n--><\/p>\n","protected":false},"excerpt":{"rendered":"<p>Running from a young age, full speed ahead! The Pho3nix Kids Marathon is a unique opportunity to introduce children and teenagers to the world of sports in an atmosphere of joy and positive energy. On the Saturday preceding the marathon celebration \u2014 October 3, 2026 \u2014 young runners will cover age\u2011appropriate distances, finishing at the [&hellip;]<\/p>\n","protected":false},"author":1,"featured_media":0,"parent":2952,"menu_order":23,"comment_status":"closed","ping_status":"closed","template":"page-templates\/belka-patron.php","meta":[],"_links":{"self":[{"href":"https:\/\/marathon.poznan.pl\/en\/wp-json\/wp\/v2\/pages\/2956"}],"collection":[{"href":"https:\/\/marathon.poznan.pl\/en\/wp-json\/wp\/v2\/pages"}],"about":[{"href":"https:\/\/marathon.poznan.pl\/en\/wp-json\/wp\/v2\/types\/page"}],"author":[{"embeddable":true,"href":"https:\/\/marathon.poznan.pl\/en\/wp-json\/wp\/v2\/users\/1"}],"replies":[{"embeddable":true,"href":"https:\/\/marathon.poznan.pl\/en\/wp-json\/wp\/v2\/comments?post=2956"}],"version-history":[{"count":11,"href":"https:\/\/marathon.poznan.pl\/en\/wp-json\/wp\/v2\/pages\/2956\/revisions"}],"predecessor-version":[{"id":3775,"href":"https:\/\/marathon.poznan.pl\/en\/wp-json\/wp\/v2\/pages\/2956\/revisions\/3775"}],"up":[{"embeddable":true,"href":"https:\/\/marathon.poznan.pl\/en\/wp-json\/wp\/v2\/pages\/2952"}],"wp:attachment":[{"href":"https:\/\/marathon.poznan.pl\/en\/wp-json\/wp\/v2\/media?parent=2956"}],"curies":[{"name":"wp","href":"https:\/\/api.w.org\/{rel}","templated":true}]}}