{"id":2243,"date":"2018-12-11T11:44:12","date_gmt":"2018-12-11T10:44:12","guid":{"rendered":"https:\/\/marathon.poznan.pl\/en\/?page_id=2243"},"modified":"2023-11-06T16:38:12","modified_gmt":"2023-11-06T15:38:12","slug":"video","status":"publish","type":"page","link":"https:\/\/marathon.poznan.pl\/en\/video\/","title":{"rendered":"Video"},"content":{"rendered":"<h3>22. Pozna\u0144 Maraton Official Video<\/h3>\n<p><iframe style=\"aspect-ratio: 16\/9; width: 100%;\" src=\"https:\/\/www.youtube.com\/embed\/vRggBSIr6mA?si=Wp9uuXjCJslbY3GA\" title=\"YouTube video player\" frameborder=\"0\" allow=\"accelerometer; autoplay; clipboard-write; encrypted-media; gyroscope; picture-in-picture; web-share\" allowfullscreen><\/iframe><\/p>\n<h3>22. Pozna\u0144 Marathon Route<\/h3>\n<p><iframe style=\"aspect-ratio: 16\/9; width: 100%;\" title=\"YouTube video player\" src=\"https:\/\/www.youtube.com\/embed\/OEVjdm4KFlk\" frameborder=\"0\" allow=\"accelerometer; autoplay; clipboard-write; encrypted-media; gyroscope; picture-in-picture; web-share\" allowfullscreen><\/iframe><\/p>\n<h3>22. Pozna\u0144 Marathon Teaser<\/h3>\n<p><iframe style=\"aspect-ratio: 16\/9; width: 100%;\" title=\"YouTube video player\" src=\"https:\/\/www.youtube.com\/embed\/HTSh_0uqsso\" frameborder=\"0\" allowfullscreen=\"allowfullscreen\"><\/iframe><\/p>\n<h3>21. Pozna\u0144 Maraton Official Video<\/h3>\n<p><iframe style=\"aspect-ratio: 16\/9; width: 100%;\" title=\"YouTube video player\" src=\"https:\/\/www.youtube.com\/embed\/ul3xNPLv4BY\" frameborder=\"0\" allowfullscreen=\"allowfullscreen\"><\/iframe><\/p>\n","protected":false},"excerpt":{"rendered":"<p>22. Pozna\u0144 Maraton Official Video 22. Pozna\u0144 Marathon Route 22. Pozna\u0144 Marathon Teaser 21. Pozna\u0144 Maraton Official Video<\/p>\n","protected":false},"author":1,"featured_media":0,"parent":0,"menu_order":7,"comment_status":"closed","ping_status":"closed","template":"page-templates\/belka-patron.php","meta":[],"_links":{"self":[{"href":"https:\/\/marathon.poznan.pl\/en\/wp-json\/wp\/v2\/pages\/2243"}],"collection":[{"href":"https:\/\/marathon.poznan.pl\/en\/wp-json\/wp\/v2\/pages"}],"about":[{"href":"https:\/\/marathon.poznan.pl\/en\/wp-json\/wp\/v2\/types\/page"}],"author":[{"embeddable":true,"href":"https:\/\/marathon.poznan.pl\/en\/wp-json\/wp\/v2\/users\/1"}],"replies":[{"embeddable":true,"href":"https:\/\/marathon.poznan.pl\/en\/wp-json\/wp\/v2\/comments?post=2243"}],"version-history":[{"count":13,"href":"https:\/\/marathon.poznan.pl\/en\/wp-json\/wp\/v2\/pages\/2243\/revisions"}],"predecessor-version":[{"id":3367,"href":"https:\/\/marathon.poznan.pl\/en\/wp-json\/wp\/v2\/pages\/2243\/revisions\/3367"}],"wp:attachment":[{"href":"https:\/\/marathon.poznan.pl\/en\/wp-json\/wp\/v2\/media?parent=2243"}],"curies":[{"name":"wp","href":"https:\/\/api.w.org\/{rel}","templated":true}]}}