{"id":170,"date":"2014-04-13T02:28:57","date_gmt":"2014-04-13T00:28:57","guid":{"rendered":"http:\/\/test.marathon.poznan.pl\/?page_id=170"},"modified":"2018-11-28T13:53:24","modified_gmt":"2018-11-28T12:53:24","slug":"2013-2","status":"publish","type":"page","link":"https:\/\/marathon.poznan.pl\/en\/history\/2013-2\/","title":{"rendered":"2013"},"content":{"rendered":"<div id=\"matpras\">\n<h3>Medal:<\/h3>\n<table class=\"light\">\n<tbody>\n<tr>\n<td style=\"width: 50%; text-align: center;\"><a title=\"Medal 15. Pozna\u0144 Maraton\" href=\"\/wp-content\/uploads\/2016\/02\/medal-2013.jpg\" rel=\"lightbox[medale]\"><img decoding=\"async\" loading=\"lazy\" alt=\"Wizualizacja medalu\" src=\"\/wp-content\/uploads\/2016\/02\/Medal_marathon_2013.jpg\" width=\"300\" height=\"273\" \/><\/a><\/td>\n<\/tr>\n<\/tbody>\n<\/table>\n<h3 id=\"video\">Audio and video materials:<\/h3>\n<ul>\n<li>Coverage of 14. Pozna\u0144 Maraton<\/li>\n<li>\n<div><iframe loading=\"lazy\" src=\"\/\/www.youtube.com\/embed\/IAYR1bnouVY\" height=\"315\" width=\"560\" allowfullscreen=\"true\" frameborder=\"0\"><\/iframe><\/div>\n<ul>\n<li style=\"list-style-type: none;\"><\/li>\n<\/ul>\n<\/li>\n<li>\n<div><iframe loading=\"lazy\" src=\"\/\/www.youtube.com\/embed\/jB9Vc4UnA0Y\" height=\"315\" width=\"560\" allowfullscreen=\"true\" frameborder=\"0\"><\/iframe><\/div>\n<ul>\n<li style=\"list-style-type: none;\"><\/li>\n<\/ul>\n<\/li>\n<li><span>Women Run <\/span><\/li>\n<li>\n<div><iframe loading=\"lazy\" src=\"\/\/www.youtube.com\/embed\/qJzCq5bThIY\" height=\"315\" width=\"560\" allowfullscreen=\"true\" frameborder=\"0\"><\/iframe><\/div>\n<ul>\n<li style=\"list-style-type: none;\"><\/li>\n<\/ul>\n<\/li>\n<li>Everyone Run<\/li>\n<li>\n<div><iframe loading=\"lazy\" src=\"\/\/www.youtube.com\/embed\/6Q0aIaQUsYk\" height=\"315\" width=\"560\" allowfullscreen=\"true\" frameborder=\"0\"><\/iframe><\/div>\n<\/li>\n<li>Summer ;)<\/li>\n<li>\n<div><iframe loading=\"lazy\" src=\"\/\/www.youtube.com\/embed\/zNypEBiBifs\" height=\"315\" width=\"560\" allowfullscreen=\"true\" frameborder=\"0\"><\/iframe><\/div>\n<\/li>\n<\/ul>\n<ul>\n<li>Running through life &#8211; Jerzy Skar\u017cy\u0144ski for 14th Pozna\u0144 Marathon<\/li>\n<li>\n<div><iframe loading=\"lazy\" src=\"\/\/www.youtube.com\/embed\/wWyyORnhTWI\" height=\"315\" width=\"560\" allowfullscreen=\"true\" frameborder=\"0\"><\/iframe><\/div>\n<\/li>\n<\/ul>\n<p><!--\n\n\n<h3>Wyniki:<\/h3>\n\n\n\n\n<ul>\n\t\n\n<li><a href=\"\/images\/wyniki\/11pm_oficjalne_wyniki_biegacze.pdf\" >wyniki &ndash; biegacze<\/a><\/li>\n\n\n<\/ul>\n\n\n--><\/p>\n<\/div>\n","protected":false},"excerpt":{"rendered":"<p>Medal: Audio and video materials: Coverage of 14. Pozna\u0144 Maraton Women Run Everyone Run Summer ;) Running through life &#8211; Jerzy Skar\u017cy\u0144ski for 14th Pozna\u0144 Marathon<\/p>\n","protected":false},"author":1,"featured_media":0,"parent":2212,"menu_order":34,"comment_status":"closed","ping_status":"closed","template":"page-templates\/historia.php","meta":[],"_links":{"self":[{"href":"https:\/\/marathon.poznan.pl\/en\/wp-json\/wp\/v2\/pages\/170"}],"collection":[{"href":"https:\/\/marathon.poznan.pl\/en\/wp-json\/wp\/v2\/pages"}],"about":[{"href":"https:\/\/marathon.poznan.pl\/en\/wp-json\/wp\/v2\/types\/page"}],"author":[{"embeddable":true,"href":"https:\/\/marathon.poznan.pl\/en\/wp-json\/wp\/v2\/users\/1"}],"replies":[{"embeddable":true,"href":"https:\/\/marathon.poznan.pl\/en\/wp-json\/wp\/v2\/comments?post=170"}],"version-history":[{"count":5,"href":"https:\/\/marathon.poznan.pl\/en\/wp-json\/wp\/v2\/pages\/170\/revisions"}],"predecessor-version":[{"id":1320,"href":"https:\/\/marathon.poznan.pl\/en\/wp-json\/wp\/v2\/pages\/170\/revisions\/1320"}],"up":[{"embeddable":true,"href":"https:\/\/marathon.poznan.pl\/en\/wp-json\/wp\/v2\/pages\/2212"}],"wp:attachment":[{"href":"https:\/\/marathon.poznan.pl\/en\/wp-json\/wp\/v2\/media?parent=170"}],"curies":[{"name":"wp","href":"https:\/\/api.w.org\/{rel}","templated":true}]}}